{"id":116,"date":"2009-07-26T18:51:49","date_gmt":"2009-07-26T16:51:49","guid":{"rendered":"http:\/\/kosatko.com\/wordpress\/?page_id=116"},"modified":"2009-07-26T18:51:49","modified_gmt":"2009-07-26T16:51:49","slug":"prehled-fotogalerie","status":"publish","type":"page","link":"https:\/\/www.kosatko.cz\/wordpress\/prehled-fotogalerie","title":{"rendered":"P\u0159ehled fotogalerie"},"content":{"rendered":"<p><strong>Rok 2009<\/strong><\/p>\n<ul>\n<li>Kol\u00ednsk\u00e1 \u0159epsk\u00e1 dr\u00e1\u017eka a rozhledna Vysok\u00e1<\/li>\n<li>Z\u00e1mek Konopi\u0161t\u011b<\/li>\n<li>Normandie 2009<\/li>\n<li>5. Sraz Transporterclubu v Brn\u011b<\/li>\n<li>Ekologick\u00e1 proch\u00e1zka na PIM<\/li>\n<li>Den veter\u00e1n\u016f na z\u00e1mku v Roztok\u00e1ch u Prahy<\/li>\n<li>Ko\u0161t Slivovice Rad\u011bjov<\/li>\n<li>Forstau<\/li>\n<li>Pera di Fassa<\/li>\n<li>Rozlu\u010dka s Prokopem \u010cesan\u00fdm<\/li>\n<li>Krabi\u010dka od Lucky Kocourkov\u00e9<\/li>\n<\/ul>\n<p><strong>Rok 2008<\/strong><\/p>\n<ul>\n<li>Tenerife<\/li>\n<li>Slavnosti p\u011btilist\u00e9 r\u016f\u017ee<\/li>\n<li>Bzu\u010d\u00ed u\u017e 40.let<\/li>\n<li>4. Sraz Transporterclubu v Brn\u011b<\/li>\n<li>Livigno<\/li>\n<li>Veysonnaz<\/li>\n<li>Cassana<\/li>\n<\/ul>\n<p><strong>Rok 2007<\/strong><\/p>\n<ul>\n<li>Sv\u00edcen od Lucky Kocourkov\u00e9<\/li>\n<li>N\u00e1v\u0161t\u011bva Vidn\u011b<\/li>\n<li>Kamen\u011bc pod Vt\u00e1\u010dn\u00edkom<\/li>\n<li>Hustope\u010de<\/li>\n<li>\u0158\u00ed\u010dany<\/li>\n<li>Mile\u0161ovka<\/li>\n<li>Prokopsk\u00e9 \u00fadol\u00ed<\/li>\n<li>Ka\u010denka Lippertov\u00e1 x0<\/li>\n<li>Dolomiti Safari<\/li>\n<\/ul>\n<p><strong>Rok 2006<\/strong><\/p>\n<ul>\n<li>Chrismas party Citibank<\/li>\n<li>Motok\u00e1ry \u010cern\u00fd Most<\/li>\n<li>DD Doln\u00ed Po\u010dernice<\/li>\n<li>Pr\u016fhonick\u00fd park<\/li>\n<li>Viktorka v Praze<\/li>\n<li>Vald\u0161tejnsk\u00e1 zahrada<\/li>\n<li>L\u00e1ny<\/li>\n<li>U J\u00e1no\u0161\u00edka<\/li>\n<\/ul>\n<p><strong>Rok 2002<\/strong><\/p>\n<ul>\n<li><a href=\"http:\/\/www.flickr.com\/photos\/jankosatko\/sets\/72157621718646691\/\">Svatba Sa\u0161a \u010cadov\u00e1<\/a><\/li>\n<li><a href=\"http:\/\/www.flickr.com\/photos\/jankosatko\/sets\/72157621718493061\/\">Osika<\/a><\/li>\n<li><a href=\"http:\/\/www.flickr.com\/photos\/jankosatko\/sets\/72157621842845386\/\">K\u0159ivokl\u00e1t<\/a><\/li>\n<li><a href=\"http:\/\/www.flickr.com\/photos\/jankosatko\/sets\/72157621718381667\/\">Pra\u017esky Hrad<\/a><\/li>\n<li><a href=\"http:\/\/www.flickr.com\/photos\/jankosatko\/sets\/72157621718316493\/\">Hartv\u00edkov<\/a><\/li>\n<li><a href=\"http:\/\/www.flickr.com\/photos\/jankosatko\/sets\/72157621718235745\/\">Promoce Sa\u0161a \u010cadov\u00e1<\/a><\/li>\n<li><a href=\"http:\/\/www.flickr.com\/photos\/jankosatko\/sets\/72157621842629650\/\">Blan\u00edk<\/a><\/li>\n<li><a href=\"http:\/\/www.flickr.com\/photos\/jankosatko\/sets\/72157621842616878\/\">Val Thorens 2002<\/a><\/li>\n<li><a href=\"http:\/\/www.flickr.com\/photos\/jankosatko\/sets\/72157621842574912\/\">Tignes 2002<\/a><\/li>\n<\/ul>\n<p><strong>Rok 2001<\/strong><\/p>\n<ul>\n<li><a href=\"http:\/\/www.flickr.com\/photos\/jankosatko\/sets\/72157621717967633\/\">Sa\u0161a na leti\u0161ti<\/a><\/li>\n<li><a href=\"http:\/\/www.flickr.com\/photos\/jankosatko\/sets\/72157621717909291\/\">Hrani\u010dn\u00e1<\/a><\/li>\n<li><a href=\"http:\/\/www.flickr.com\/photos\/jankosatko\/sets\/72157621717871729\/\">Kaprun<\/a><\/li>\n<li><a href=\"http:\/\/www.flickr.com\/photos\/jankosatko\/sets\/72157621717936403\/\">Letensk\u00e1 m\u00edle 2001<\/a><\/li>\n<li><a href=\"http:\/\/www.flickr.com\/photos\/jankosatko\/sets\/72157621842141452\/\">Ve\u010d\u00edrek na rozlu\u010dku u Sa\u0161i<\/a><\/li>\n<li><a href=\"http:\/\/www.flickr.com\/photos\/jankosatko\/sets\/72157621717652743\/\">Army 2000-2001<\/a><\/li>\n<\/ul>\n<p><strong>Rok 2000<br \/>\n<\/strong><\/p>\n<ul>\n<li><a href=\"http:\/\/www.flickr.com\/photos\/jankosatko\/sets\/72157621841941662\/\">Billiard<\/a><\/li>\n<li><a href=\"http:\/\/www.flickr.com\/photos\/jankosatko\/sets\/72157621841932768\/\">Boletice<\/a><\/li>\n<li><a href=\"http:\/\/www.flickr.com\/photos\/jankosatko\/sets\/72157621717492909\/\">P\u0159\u00edsaha<\/a><\/li>\n<li><a href=\"http:\/\/www.flickr.com\/photos\/jankosatko\/sets\/72157621717340865\/\">P\u00e1lava<\/a><\/li>\n<li><a href=\"http:\/\/www.flickr.com\/photos\/jankosatko\/sets\/72157621841727786\/\">Komo\u0159any<\/a><\/li>\n<li><a href=\"http:\/\/www.flickr.com\/photos\/jankosatko\/sets\/72157621717239373\/\">Lipnice<\/a><\/li>\n<li><a href=\"http:\/\/www.flickr.com\/photos\/jankosatko\/sets\/72157621716972421\/\">Promoce<\/a><\/li>\n<li><a href=\"http:\/\/www.flickr.com\/photos\/jankosatko\/sets\/72157621841892916\/\">Pejo 2000<\/a><\/li>\n<\/ul>\n<p><strong>Rok 1999<\/strong><\/p>\n<ul>\n<li><a href=\"http:\/\/www.flickr.com\/photos\/jankosatko\/sets\/72157621235035512\/\">Silverstr 1999<\/a><\/li>\n<li><a href=\"http:\/\/www.flickr.com\/photos\/jankosatko\/sets\/72157621106724389\/\">Praha<\/a><\/li>\n<li><a href=\"http:\/\/www.flickr.com\/photos\/jankosatko\/sets\/72157621234622884\/\">\u0158\u00edp<\/a><\/li>\n<li><a href=\"http:\/\/www.flickr.com\/photos\/jankosatko\/sets\/72157621105925979\/\">Humpolec<\/a><\/li>\n<li><a href=\"http:\/\/www.flickr.com\/photos\/jankosatko\/sets\/72157621234114486\/\">S\u00e1zava<\/a><\/li>\n<li><a href=\"http:\/\/www.flickr.com\/photos\/jankosatko\/sets\/72157621105118911\/\">Eclipse<\/a><\/li>\n<li><a href=\"http:\/\/www.flickr.com\/photos\/jankosatko\/sets\/72157621231883760\/\">Nechranice<\/a><\/li>\n<li><a href=\"http:\/\/www.flickr.com\/photos\/jankosatko\/sets\/72157621232558640\/\">Dobronice<\/a><\/li>\n<li><a href=\"http:\/\/www.flickr.com\/photos\/jankosatko\/sets\/72157621103198265\/\">Koktejlov\u00fd mix<\/a><\/li>\n<li><a href=\"http:\/\/www.flickr.com\/photos\/jankosatko\/sets\/72157621231171396\/\">Pejo 1999<\/a><\/li>\n<\/ul>\n<p><strong>Rok 1998<\/strong><\/p>\n<ul>\n<li><a href=\"http:\/\/www.flickr.com\/photos\/jankosatko\/sets\/72157621230783750\/\">Silvestr 1998<\/a><\/li>\n<li><a href=\"http:\/\/www.flickr.com\/photos\/jankosatko\/sets\/72157621230358866\/\">Letensk\u00e1 m\u00edle<\/a><\/li>\n<li><a href=\"http:\/\/www.flickr.com\/photos\/jankosatko\/sets\/72157621098048417\/\">Orl\u00edk<\/a><\/li>\n<\/ul>\n","protected":false},"excerpt":{"rendered":"<p>Rok 2009 Kol\u00ednsk\u00e1 \u0159epsk\u00e1 dr\u00e1\u017eka a rozhledna Vysok\u00e1 Z\u00e1mek Konopi\u0161t\u011b Normandie 2009 5. Sraz Transporterclubu v Brn\u011b Ekologick\u00e1 proch\u00e1zka na PIM Den veter\u00e1n\u016f na z\u00e1mku v Roztok\u00e1ch u Prahy Ko\u0161t Slivovice Rad\u011bjov Forstau Pera di Fassa Rozlu\u010dka s Prokopem \u010cesan\u00fdm Krabi\u010dka od Lucky Kocourkov\u00e9 Rok 2008 Tenerife Slavnosti p\u011btilist\u00e9 r\u016f\u017ee Bzu\u010d\u00ed u\u017e 40.let 4. Sraz [&hellip;]<\/p>\n","protected":false},"author":1,"featured_media":0,"parent":0,"menu_order":0,"comment_status":"open","ping_status":"open","template":"","meta":{"footnotes":""},"class_list":["post-116","page","type-page","status-publish","hentry"],"_links":{"self":[{"href":"https:\/\/www.kosatko.cz\/wordpress\/wp-json\/wp\/v2\/pages\/116","targetHints":{"allow":["GET"]}}],"collection":[{"href":"https:\/\/www.kosatko.cz\/wordpress\/wp-json\/wp\/v2\/pages"}],"about":[{"href":"https:\/\/www.kosatko.cz\/wordpress\/wp-json\/wp\/v2\/types\/page"}],"author":[{"embeddable":true,"href":"https:\/\/www.kosatko.cz\/wordpress\/wp-json\/wp\/v2\/users\/1"}],"replies":[{"embeddable":true,"href":"https:\/\/www.kosatko.cz\/wordpress\/wp-json\/wp\/v2\/comments?post=116"}],"version-history":[{"count":0,"href":"https:\/\/www.kosatko.cz\/wordpress\/wp-json\/wp\/v2\/pages\/116\/revisions"}],"wp:attachment":[{"href":"https:\/\/www.kosatko.cz\/wordpress\/wp-json\/wp\/v2\/media?parent=116"}],"curies":[{"name":"wp","href":"https:\/\/api.w.org\/{rel}","templated":true}]}}