{"id":5,"date":"2008-02-25T03:17:53","date_gmt":"2008-02-25T09:17:53","guid":{"rendered":"http:\/\/www.kosatko.cz\/wordpress\/?page_id=5"},"modified":"2008-02-25T03:17:53","modified_gmt":"2008-02-25T09:17:53","slug":"about","status":"publish","type":"page","link":"https:\/\/www.kosatko.cz\/wordpress\/about","title":{"rendered":"O str\u00e1nk\u00e1ch"},"content":{"rendered":"<p>Moje str\u00e1nky o v\u0161em co m\u011b napadne.<\/p>\n","protected":false},"excerpt":{"rendered":"<p>Moje str\u00e1nky o v\u0161em co m\u011b napadne.<\/p>\n","protected":false},"author":2,"featured_media":0,"parent":0,"menu_order":2,"comment_status":"closed","ping_status":"closed","template":"","meta":{"footnotes":""},"class_list":["post-5","page","type-page","status-publish","hentry"],"_links":{"self":[{"href":"https:\/\/www.kosatko.cz\/wordpress\/wp-json\/wp\/v2\/pages\/5","targetHints":{"allow":["GET"]}}],"collection":[{"href":"https:\/\/www.kosatko.cz\/wordpress\/wp-json\/wp\/v2\/pages"}],"about":[{"href":"https:\/\/www.kosatko.cz\/wordpress\/wp-json\/wp\/v2\/types\/page"}],"author":[{"embeddable":true,"href":"https:\/\/www.kosatko.cz\/wordpress\/wp-json\/wp\/v2\/users\/2"}],"replies":[{"embeddable":true,"href":"https:\/\/www.kosatko.cz\/wordpress\/wp-json\/wp\/v2\/comments?post=5"}],"version-history":[{"count":0,"href":"https:\/\/www.kosatko.cz\/wordpress\/wp-json\/wp\/v2\/pages\/5\/revisions"}],"wp:attachment":[{"href":"https:\/\/www.kosatko.cz\/wordpress\/wp-json\/wp\/v2\/media?parent=5"}],"curies":[{"name":"wp","href":"https:\/\/api.w.org\/{rel}","templated":true}]}}